{"id":1152,"date":"2009-06-09T11:08:35","date_gmt":"2009-06-09T10:08:35","guid":{"rendered":"http:\/\/technischesdesign.wcms-file3.tu-dresden.de\/blog\/?page_id=1152"},"modified":"2009-09-18T09:22:23","modified_gmt":"2009-09-18T08:22:23","slug":"blog-technisches-design-abonnieren","status":"publish","type":"page","link":"http:\/\/technischesdesign.mw.tu-dresden.de\/blog\/blog-technisches-design-abonnieren\/","title":{"rendered":"Blog Technisches Design abonnieren"},"content":{"rendered":"<p>Hier kann man den Blog Technisches Design per Email abonnieren. Das ist f\u00fcr diejenigen interessant, die keine <em>RSS reader<\/em> haben oder m\u00f6gen. Wer den Blog lieber als <em>RSS2 feed<\/em> abbonnieren m\u00f6chte, beispielsweise mit einen der zahlreichen Onlinedienste oder Programmen wie Microsoft Outlook, nutzt daf\u00fcr bitte <a title=\"Blog Technisches Design RSS2 Feed\" href=\"http:\/\/technischesdesign.wcms-file3.tu-dresden.de\/blog\/?feed=rss2\">diesen RSS-Link<\/a>.<\/p>\n<p>Das Abo per Email erfolgt \u00fcber Feedburner, seit einiger Zeit Teil von Google. Das Abo kann nat\u00fcrlich jederzeit gek\u00fcndigt werden. Die Anmeldung kann <a title=\"Blog Technisches Design per Email abonnieren\" href=\"http:\/\/feedburner.google.com\/fb\/a\/mailverify?uri=TechnischesDesign&amp;amp;loc=de_DE\" target=\"_blank\">direkt bei Feedburner<\/a> erfolgen oder hier auf dieser Seite. Es wird eine Best\u00e4tigungsemail versendet werden, mit der das Abo aktiviert werden muss.<\/p>\n<form class=\"emailabo\" action=\"http:\/\/feedburner.google.com\/fb\/a\/mailverify\" method=\"post\"> <label for=\"email\">E-Mail-Adresse:<\/label><\/p>\n<p><input id=\"email\" style=\"width: 21em;\" name=\"email\" type=\"text\" \/> <input name=\"uri\" type=\"hidden\" value=\"TechnischesDesign\" \/> <input name=\"loc\" type=\"hidden\" value=\"de_DE\" \/> <input class=\"button\" type=\"submit\" value=\"Blog Abonnieren\" \/><\/p>\n<\/form>\n","protected":false},"excerpt":{"rendered":"<p>Hier kann man den Blog Technisches Design per Email abonnieren. Das ist f\u00fcr diejenigen interessant, die keine RSS reader haben oder m\u00f6gen. Wer den Blog lieber als RSS2 feed abbonnieren m\u00f6chte, beispielsweise mit einen der zahlreichen Onlinedienste oder Programmen wie Microsoft Outlook, nutzt daf\u00fcr bitte diesen RSS-Link. Das Abo per Email erfolgt \u00fcber Feedburner, seit [&hellip;]<\/p>\n","protected":false},"author":2,"featured_media":0,"parent":0,"menu_order":0,"comment_status":"closed","ping_status":"closed","template":"","meta":[],"_links":{"self":[{"href":"http:\/\/technischesdesign.mw.tu-dresden.de\/blog\/wp-json\/wp\/v2\/pages\/1152"}],"collection":[{"href":"http:\/\/technischesdesign.mw.tu-dresden.de\/blog\/wp-json\/wp\/v2\/pages"}],"about":[{"href":"http:\/\/technischesdesign.mw.tu-dresden.de\/blog\/wp-json\/wp\/v2\/types\/page"}],"author":[{"embeddable":true,"href":"http:\/\/technischesdesign.mw.tu-dresden.de\/blog\/wp-json\/wp\/v2\/users\/2"}],"replies":[{"embeddable":true,"href":"http:\/\/technischesdesign.mw.tu-dresden.de\/blog\/wp-json\/wp\/v2\/comments?post=1152"}],"version-history":[{"count":18,"href":"http:\/\/technischesdesign.mw.tu-dresden.de\/blog\/wp-json\/wp\/v2\/pages\/1152\/revisions"}],"predecessor-version":[{"id":1154,"href":"http:\/\/technischesdesign.mw.tu-dresden.de\/blog\/wp-json\/wp\/v2\/pages\/1152\/revisions\/1154"}],"wp:attachment":[{"href":"http:\/\/technischesdesign.mw.tu-dresden.de\/blog\/wp-json\/wp\/v2\/media?parent=1152"}],"curies":[{"name":"wp","href":"https:\/\/api.w.org\/{rel}","templated":true}]}}